{"id":17,"date":"2020-01-02T21:52:34","date_gmt":"2020-01-02T20:52:34","guid":{"rendered":"https:\/\/gudrunklebeck.de\/_wordpress_5\/?page_id=17"},"modified":"2025-11-08T12:08:43","modified_gmt":"2025-11-08T11:08:43","slug":"cv","status":"publish","type":"page","link":"https:\/\/gudrunklebeck.de\/gb\/cv\/","title":{"rendered":"CV"},"content":{"rendered":"<table style=\"width: 100%;\">\n<tbody>\n<tr>\n<td style=\"width: 15%;\">\n<div align=\"right\">&nbsp;<\/div>\n<\/td>\n<td style=\"width: 1.5%;\">&nbsp;<\/td>\n<td style=\"width: 80%;\"><b>Biography<\/b><\/td>\n<\/tr>\n<tr>\n<td style=\"width: 15%;\">\n<div align=\"right\">1951<\/div>\n<\/td>\n<td style=\"width: 1.5%;\">&nbsp;<\/td>\n<td style=\"width: 80%;\">born in Unna<\/td>\n<\/tr>\n<tr>\n<td style=\"width: 15%;\">\n<div align=\"right\">1970\u201373<\/div>\n<\/td>\n<td style=\"width: 1.5%;\">&nbsp;<\/td>\n<td style=\"width: 80%;\">Studium Kunstp\u00e4dagogik in Essen<\/td>\n<\/tr>\n<tr>\n<td style=\"width: 15%;\">\n<div align=\"right\">1984\u201389<\/div>\n<\/td>\n<td style=\"width: 1.5%;\">&nbsp;<\/td>\n<td style=\"width: 80%;\">Studium Malerei \/ Academie Beeldende Kunsten Maastricht, NL<\/td>\n<\/tr>\n<tr>\n<td style=\"width: 15%;\">\n<div align=\"right\">&nbsp;<\/div>\n<\/td>\n<td style=\"width: 1.5%;\">&nbsp;<\/td>\n<td style=\"width: 80%;\">&nbsp;<\/td>\n<\/tr>\n<tr>\n<td style=\"width: 15%;\">\n<div align=\"right\">&nbsp;<\/div>\n<\/td>\n<td style=\"width: 1.5%;\"><b>&nbsp;<\/b><\/td>\n<td style=\"width: 80%;\"><b>Solo exhibitions, <\/b>selection<b><br \/>\n<\/b><\/td>\n<\/tr>\n<tr>\n<td style=\"width: 15%;\">\n<div align=\"right\">2020<\/div>\n<\/td>\n<td style=\"width: 1.5%;\">&nbsp;<\/td>\n<td style=\"width: 80%;\">Galerie ArtSpace K2, Remagen, ASYMMETRISCH<\/td>\n<\/tr>\n<tr>\n<td style=\"width: 15%;\">\n<div align=\"right\">2019<\/div>\n<\/td>\n<td style=\"width: 1.5%;\">&nbsp;<\/td>\n<td style=\"width: 80%;\">Quartier am Hafen, Q18, K\u00f6ln, MOVE<\/td>\n<\/tr>\n<tr>\n<td style=\"width: 15%;\">\n<div align=\"right\">2017<\/div>\n<\/td>\n<td style=\"width: 1.5%;\">&nbsp;<\/td>\n<td style=\"width: 80%;\">Quartier am Hafen, Q18, K\u00f6ln, BILDR\u00c4UME, with Eveline Markstein and Lissy Winterhoff<\/td>\n<\/tr>\n<tr>\n<td style=\"width: 15%;\">\n<div align=\"right\">2014<\/div>\n<\/td>\n<td style=\"width: 1.5%;\">&nbsp;<\/td>\n<td style=\"width: 80%;\">Kunst im TautHaus, Berlin, KONFIGURATION, with Lidia Beleninova and Antje Scharfe<\/td>\n<\/tr>\n<tr>\n<td style=\"width: 15%;\">\n<div align=\"right\">2012<\/div>\n<\/td>\n<td style=\"width: 1.5%;\">&nbsp;<\/td>\n<td style=\"width: 80%;\">Quartier am Hafen, K\u00f6ln, Studio exposition<\/td>\n<\/tr>\n<tr>\n<td style=\"width: 15%;\">\n<div align=\"right\">2010<\/div>\n<\/td>\n<td style=\"width: 1.5%;\">&nbsp;<\/td>\n<td style=\"width: 80%;\">Kurf\u00fcrstliches G\u00e4rtnerhaus Bonn<\/td>\n<\/tr>\n<tr>\n<td style=\"width: 15%;\">\n<div align=\"right\">2007<\/div>\n<\/td>\n<td style=\"width: 1.5%;\">&nbsp;<\/td>\n<td style=\"width: 80%;\">BADK, K\u00f6ln<\/td>\n<\/tr>\n<tr>\n<td style=\"width: 15%;\">\n<div align=\"right\">2005<\/div>\n<\/td>\n<td style=\"width: 1.5%;\">&nbsp;<\/td>\n<td style=\"width: 80%;\">Kunstverein Unna, with Friederike M\u00fchlbauer<\/td>\n<\/tr>\n<tr>\n<td style=\"width: 15%;\">\n<div align=\"right\">2004<\/div>\n<\/td>\n<td style=\"width: 1.5%;\">&nbsp;<\/td>\n<td style=\"width: 80%;\">Kunstverein Wasserm\u00fchle Lohne<\/td>\n<\/tr>\n<tr>\n<td style=\"width: 15%;\">\n<div align=\"right\">2003<\/div>\n<\/td>\n<td style=\"width: 1.5%;\">&nbsp;<\/td>\n<td style=\"width: 80%;\">St\u00e4dtisches Museum Z\u00fcndorfer Wehrturm, K\u00f6ln, with Dan Hepperle<\/td>\n<\/tr>\n<tr>\n<td style=\"width: 15%;\">\n<div align=\"right\">2000<\/div>\n<\/td>\n<td style=\"width: 1.5%;\">&nbsp;<\/td>\n<td style=\"width: 80%;\">Galerie ATELIER, K\u00f6ln<\/td>\n<\/tr>\n<tr>\n<td style=\"width: 15%;\">\n<div align=\"right\">1993<\/div>\n<\/td>\n<td style=\"width: 1.5%;\">&nbsp;<\/td>\n<td style=\"width: 80%;\">SPD-Haus Aachen<\/td>\n<\/tr>\n<tr>\n<td style=\"width: 15%;\">\n<div align=\"right\">1984<\/div>\n<\/td>\n<td style=\"width: 1.5%;\">&nbsp;<\/td>\n<td style=\"width: 80%;\">St\u00e4dtische Kunstsammlung, Eschweiler<\/td>\n<\/tr>\n<tr>\n<td style=\"width: 15%;\">\n<div align=\"right\">1982<\/div>\n<\/td>\n<td style=\"width: 1.5%;\">&nbsp;<\/td>\n<td style=\"width: 80%;\">Radierwerkstatt ARKA, Essen<\/td>\n<\/tr>\n<tr>\n<td style=\"width: 15%;\">\n<div align=\"right\">&nbsp;<\/div>\n<\/td>\n<td style=\"width: 1.5%;\">&nbsp;<\/td>\n<td style=\"width: 80%;\">&nbsp;<\/td>\n<\/tr>\n<tr>\n<td style=\"width: 15%;\">\n<div align=\"right\"><b>&nbsp;<\/b><\/div>\n<\/td>\n<td style=\"width: 1.5%;\"><b>&nbsp;<\/b><\/td>\n<td style=\"width: 80%;\"><b>Group exhibitions, <\/b>selection<b><br \/>\n<\/b><\/td>\n<\/tr>\n<tr>\n<td style=\"width: 15%;\">\n<div align=\"right\">2018<\/div>\n<\/td>\n<td style=\"width: 1.5;\">&nbsp;<\/td>\n<td style=\"width: 80%;\">Kunsthaus Troisdorf, St\u00e4dtische Galerie, PICCOLO 2018<\/td>\n<\/tr>\n<tr>\n<td style=\"width: 15%;\">&nbsp;<\/td>\n<td style=\"width: 1.5;\">&nbsp;<\/td>\n<td style=\"width: 80%;\">Kunstverein Unna, 1968: 50 JAHRE<\/td>\n<\/tr>\n<tr>\n<td style=\"width: 15%;\">\n<div align=\"right\">2017<\/div>\n<\/td>\n<td style=\"width: 1.5;\">&nbsp;<\/td>\n<td style=\"width: 80%;\">ARKA Kulturwerkstatt, Zeche Zollverein, Essen<\/td>\n<\/tr>\n<tr>\n<td style=\"width: 15%;\">\n<div align=\"right\">2015<\/div>\n<\/td>\n<td style=\"width: 1.5;\">&nbsp;<\/td>\n<td style=\"width: 80%;\">Kunstverein Unna, Jahresausstellung<\/td>\n<\/tr>\n<tr>\n<td style=\"width: 15%;\">\n<div align=\"right\">2013<\/div>\n<\/td>\n<td style=\"width: 1.5%;\">&nbsp;<\/td>\n<td style=\"width: 80%;\">Kunst- und Museumsbibliothek<\/td>\n<\/tr>\n<tr>\n<td style=\"width: 15%;\">\n<div align=\"right\">&nbsp;<\/div>\n<\/td>\n<td style=\"width: 1.5%;\">&nbsp;<\/td>\n<td style=\"width: 80%;\">K\u00f6ln, Edition EinsvonHundert<\/td>\n<\/tr>\n<tr>\n<td style=\"width: 15%;\">\n<div align=\"right\">2011<\/div>\n<\/td>\n<td style=\"width: 1.5%;\">&nbsp;<\/td>\n<td style=\"width: 80%;\">St\u00e4dtische Galerie Sohle 1, Bergkamen<\/td>\n<\/tr>\n<tr>\n<td style=\"width: 15%;\">\n<div align=\"right\">2010<\/div>\n<\/td>\n<td style=\"width: 1.5%;\">&nbsp;<\/td>\n<td style=\"width: 80%;\">Galerie Artspace K2, Remagen<\/td>\n<\/tr>\n<tr>\n<td style=\"width: 15%;\">\n<div align=\"right\">2009<\/div>\n<\/td>\n<td style=\"width: 1.5%;\">&nbsp;<\/td>\n<td style=\"width: 80%;\">Kunstverein Unna<\/td>\n<\/tr>\n<tr>\n<td style=\"width: 15%;\">\n<div align=\"right\">2008<\/div>\n<\/td>\n<td style=\"width: 1.5%;\">&nbsp;<\/td>\n<td style=\"width: 80%;\">Museum Z\u00fcndorfer Wehrturm, K\u00f6ln<\/td>\n<\/tr>\n<tr>\n<td style=\"width: 15%;\">\n<div align=\"right\">&nbsp;<\/div>\n<\/td>\n<td style=\"width: 1.5%;\">&nbsp;<\/td>\n<td style=\"width: 80%;\">Galerie Borchert + Schelenz, Berlin<\/td>\n<\/tr>\n<tr>\n<td style=\"width: 15%;\">\n<div align=\"right\">2006<\/div>\n<\/td>\n<td style=\"width: 1.5%;\">&nbsp;<\/td>\n<td style=\"width: 80%;\">Paul-Gerhard-Kirche, K\u00f6ln<\/td>\n<\/tr>\n<tr>\n<td style=\"width: 15%;\">\n<div align=\"right\">2003<\/div>\n<\/td>\n<td style=\"width: 1.5%;\">&nbsp;<\/td>\n<td style=\"width: 80%;\">Kunstverein Unna<\/td>\n<\/tr>\n<tr>\n<td style=\"width: 15%;\">\n<div align=\"right\">2001<\/div>\n<\/td>\n<td style=\"width: 1.5%;\">&nbsp;<\/td>\n<td style=\"width: 80%;\">Teilnahme Edition EinsvonHundert, K\u00f6ln<\/td>\n<\/tr>\n<tr>\n<td style=\"width: 15%;\">\n<div align=\"right\">2000<\/div>\n<\/td>\n<td style=\"width: 1.5%;\">&nbsp;<\/td>\n<td style=\"width: 80%;\">Teilnahme Edition EinsvonHundert, K\u00f6ln<\/td>\n<\/tr>\n<tr>\n<td style=\"width: 15%;\">\n<div align=\"right\">1999<\/div>\n<\/td>\n<td style=\"width: 1.5%;\">&nbsp;<\/td>\n<td style=\"width: 80%;\">Galerie Art\u2019n Act, Mainz, DIE ZEICHNUNG<\/td>\n<\/tr>\n<tr>\n<td style=\"width: 15%;\">\n<div align=\"right\">1998<\/div>\n<\/td>\n<td style=\"width: 1.5%;\">&nbsp;<\/td>\n<td style=\"width: 80%;\">Kunstwerk e.V., Bonn<\/td>\n<\/tr>\n<tr>\n<td style=\"width: 15%;\">\n<div align=\"right\">1997<\/div>\n<\/td>\n<td style=\"width: 1.5%;\">&nbsp;<\/td>\n<td style=\"width: 80%;\">St. Niklas-Kerk, Braaschaat, Belgien<\/td>\n<\/tr>\n<tr>\n<td style=\"width: 15%;\">\n<div align=\"right\">&nbsp;<\/div>\n<\/td>\n<td style=\"width: 1.5%;\">&nbsp;<\/td>\n<td style=\"width: 80%;\">Messina Palace, La Valetta, Malta<\/td>\n<\/tr>\n<tr>\n<td style=\"width: 15%;\">\n<div align=\"right\">&nbsp;<\/div>\n<\/td>\n<td style=\"width: 1.5%;\">&nbsp;<\/td>\n<td style=\"width: 80%;\">Messe: Kunst und K\u00fcnstler im Messestand, Pirmasens<\/td>\n<\/tr>\n<tr>\n<td style=\"width: 15%;\">\n<div align=\"right\">1990<\/div>\n<\/td>\n<td style=\"width: 1.5%;\">&nbsp;<\/td>\n<td style=\"width: 80%;\">Neuer Aachener Kunstverein<\/td>\n<\/tr>\n<tr>\n<td style=\"width: 15%;\">\n<div align=\"right\">1986<\/div>\n<\/td>\n<td style=\"width: 1.5%;\">&nbsp;<\/td>\n<td style=\"width: 80%;\">Galerie Engelhaupt, Heinsberg<\/td>\n<\/tr>\n<tr>\n<td style=\"width: 15%;\">\n<div align=\"right\">1985<\/div>\n<\/td>\n<td style=\"width: 1.5%;\">&nbsp;<\/td>\n<td style=\"width: 80%;\">K\u00fcnstlersiedlung Halfmannshof, Gelsenkirchen<\/td>\n<\/tr>\n<tr>\n<td style=\"width: 15%;\">\n<div align=\"right\">&nbsp;<\/div>\n<\/td>\n<td style=\"width: 1.5%;\">&nbsp;<\/td>\n<td style=\"width: 80%;\">&nbsp;<\/td>\n<\/tr>\n<tr>\n<td style=\"width: 15%;\">\n<div align=\"right\"><b>&nbsp;<\/b><\/div>\n<\/td>\n<td style=\"width: 1.5%;\">&nbsp;<\/td>\n<td style=\"width: 80%;\"><b>Works in public domain<br \/>\n<\/b><\/td>\n<\/tr>\n<tr>\n<td style=\"width: 15%;\">\n<div align=\"right\">&nbsp;<\/div>\n<\/td>\n<td style=\"width: 1.5%;\">&nbsp;<\/td>\n<td style=\"width: 80%;\">Artothek Viersen<\/td>\n<\/tr>\n<tr>\n<td style=\"width: 15%;\">\n<div align=\"right\">&nbsp;<\/div>\n<\/td>\n<td style=\"width: 1.5%;\">&nbsp;<\/td>\n<td style=\"width: 80%;\">BADK K\u00f6ln<\/td>\n<\/tr>\n<tr>\n<td style=\"width: 15%;\">\n<div align=\"right\">&nbsp;<\/div>\n<\/td>\n<td style=\"width: 1.5%;\">&nbsp;<\/td>\n<td style=\"width: 80%;\">Land Rheinland-Pfalz<\/td>\n<\/tr>\n<\/tbody>\n<\/table>\n","protected":false},"excerpt":{"rendered":"<p>&nbsp; &nbsp; Biography 1951 &nbsp; born in Unna 1970\u201373 &nbsp; Studium Kunstp\u00e4dagogik in Essen 1984\u201389 &nbsp; Studium Malerei \/ Academie Beeldende Kunsten Maastricht, NL &nbsp; &nbsp; &nbsp; &nbsp; &nbsp; Solo exhibitions, selection 2020 &nbsp; Galerie ArtSpace K2, Remagen, ASYMMETRISCH 2019 &nbsp; Quartier am Hafen, Q18, K\u00f6ln, MOVE 2017 &nbsp; Quartier am Hafen, Q18, K\u00f6ln, BILDR\u00c4UME, &hellip; <a href=\"https:\/\/gudrunklebeck.de\/gb\/cv\/\" class=\"more-link\">Continue reading <span class=\"screen-reader-text\">CV<\/span><\/a><\/p>\n","protected":false},"author":2,"featured_media":0,"parent":0,"menu_order":0,"comment_status":"closed","ping_status":"closed","template":"","meta":{"ngg_post_thumbnail":0,"footnotes":""},"class_list":["post-17","page","type-page","status-publish","hentry"],"translation":{"provider":"WPGlobus","version":"3.0.2","language":"gb","enabled_languages":["de","gb"],"languages":{"de":{"title":true,"content":true,"excerpt":false},"gb":{"title":true,"content":true,"excerpt":false}}},"_links":{"self":[{"href":"https:\/\/gudrunklebeck.de\/gb\/wp-json\/wp\/v2\/pages\/17","targetHints":{"allow":["GET"]}}],"collection":[{"href":"https:\/\/gudrunklebeck.de\/gb\/wp-json\/wp\/v2\/pages"}],"about":[{"href":"https:\/\/gudrunklebeck.de\/gb\/wp-json\/wp\/v2\/types\/page"}],"author":[{"embeddable":true,"href":"https:\/\/gudrunklebeck.de\/gb\/wp-json\/wp\/v2\/users\/2"}],"replies":[{"embeddable":true,"href":"https:\/\/gudrunklebeck.de\/gb\/wp-json\/wp\/v2\/comments?post=17"}],"version-history":[{"count":52,"href":"https:\/\/gudrunklebeck.de\/gb\/wp-json\/wp\/v2\/pages\/17\/revisions"}],"predecessor-version":[{"id":1289,"href":"https:\/\/gudrunklebeck.de\/gb\/wp-json\/wp\/v2\/pages\/17\/revisions\/1289"}],"wp:attachment":[{"href":"https:\/\/gudrunklebeck.de\/gb\/wp-json\/wp\/v2\/media?parent=17"}],"curies":[{"name":"wp","href":"https:\/\/api.w.org\/{rel}","templated":true}]}}