{"id":21,"date":"2020-01-02T21:53:13","date_gmt":"2020-01-02T20:53:13","guid":{"rendered":"https:\/\/gudrunklebeck.de\/_wordpress_5\/?page_id=21"},"modified":"2024-09-10T15:09:26","modified_gmt":"2024-09-10T13:09:26","slug":"impressum","status":"publish","type":"page","link":"https:\/\/gudrunklebeck.de\/gb\/impressum\/","title":{"rendered":"Imprint"},"content":{"rendered":"<p>Responsible for the contents \/ \u00a76 MDStV:<\/p>\n<p>Gudrun Klebeck<br \/>\n<a href=\"mailto:info@gudrunklebeck.de\">info@gudrunklebeck.de<\/a><\/p>\n<p>\u00a9 for the works: Gudrun Klebeck<\/p>\n<p>\u00a9 VG Bildkunst for Gudrun Klebeck<\/p>\n<p>\u00a9 for the texts by the named authors<\/p>\n<p>\u00a9 for the photographs: Wim Cox, Carl Victor Dahmen, Anne Gold, Andreas Mesli<\/p>\n<p>\u00a9 Translation: Jennifer Abramsohn<\/p>\n<p>\u00a9 Webdesign by <a href=\"http:\/\/www.raykai.de\" target=\"_blank\" rel=\"noopener noreferrer\">www.raykai.de<\/a><\/p>\n<h4><strong>Haftungsausschluss<\/strong><\/h4>\n<p><strong>1. Haftung f\u00fcr Inhalte<\/strong><\/p>\n<p>Als Diensteanbieter bin ich gem\u00e4\u00df \u00a7 7 Abs. 1 TMG f\u00fcr eigene Inhalte auf diesen Seiten nach den allgemeinen Gesetzen verantwortlich. Nach \u00a7\u00a7 8 bis 10 TMG bin ich als Diensteanbieter jedoch nicht verpflichtet, \u00fcbermittelte oder gespeicherte fremde Informationen zu \u00fcberwachen oder nach Umst\u00e4nden zu forschen, die auf eine rechtswidrige T\u00e4tigkeit hinweisen. Verpflichtungen zur Entfernung oder Sperrung der Nutzung von Informationen nach den allgemeinen Gesetzen bleiben hiervon unber\u00fchrt. Eine diesbez\u00fcgliche Haftung ist jedoch erst ab dem Zeitpunkt der Kenntnis einer konkreten Rechtsverletzung m\u00f6glich. Bei Bekanntwerden von entsprechenden Rechtsverletzungen werden ich diese Inhalte umgehend entfernen.<\/p>\n<p><strong>2. Haftung f\u00fcr Links<\/strong><\/p>\n<p>Diese Website enth\u00e4lt Links zu externen Webseiten Dritter, auf deren Inhalte kein Einfluss genommen werden kann. Deshalb kann f\u00fcr diese fremden Inhalte auch keine Gew\u00e4hr \u00fcbernommen werden. F\u00fcr die Inhalte der verlinkten Seiten ist stets der jeweilige Anbieter oder Betreiber der Seiten verantwortlich. Die verlinkten Seiten wurden zum Zeitpunkt der Verlinkung auf m\u00f6gliche Rechtsverst\u00f6\u00dfe \u00fcberpr\u00fcft. Rechtswidrige Inhalte waren zum Zeitpunkt der Verlinkung nicht erkennbar. Eine permanente inhaltliche Kontrolle der verlinkten Seiten ist jedoch ohne konkrete Anhaltspunkte einer Rechtsverletzung nicht zumutbar. Bei Bekanntwerden von Rechtsverletzungen werden derartige Links umgehend von dieser Website auf die rechtsverletzende Site entfernen.<\/p>\n<p><strong>3. Urheberrecht<\/strong><\/p>\n<p>Die durch die Diensteanbieter, deren Mitarbeiter und beauftragte Dritte erstellten Inhalte und Werke auf diesen Seiten unterliegen dem deutschen Urheberrecht. Die Vervielf\u00e4ltigung, Bearbeitung, Verbreitung und jede Art der Verwertung au\u00dferhalb der Grenzen des Urheberrechtes bed\u00fcrfen der vorherigen schriftlichen Zustimmung des jeweiligen Autors bzw. Erstellers. Downloads und Kopien dieser Seite sind nur f\u00fcr den privaten, nicht kommerziellen Gebrauch gestattet. Soweit die Inhalte auf dieser Seite nicht vom Betreiber erstellt wurden, werden die Urheberrechte Dritter beachtet. Insbesondere werden Inhalte Dritter als solche gekennzeichnet. Sollten Sie trotzdem auf eine Urheberrechtsverletzung aufmerksam werden, bitten wir um einen entsprechenden Hinweis. Bei Bekanntwerden von Rechtsverletzungen werden derartige Inhalte umgehend entfernen.<\/p>\n<p><strong>4. Rechtswirksamkeit dieses Haftungsausschlusses<\/strong><\/p>\n<p>Dieser Haftungsausschluss ist als Teil des Internetangebotes zu betrachten, von dem aus auf diese Seite verwiesen wurde. Sofern Teile oder einzelne Formulierungen dieses Textes der geltenden Rechtslage nicht, nicht mehr oder nicht vollst\u00e4ndig entsprechen sollten, bleiben die \u00fcbrigen Teile des Dokumentes in ihrem Inhalt und ihrer G\u00fcltigkeit davon unber\u00fchrt.<\/p>\n","protected":false},"excerpt":{"rendered":"<p>Responsible for the contents \/ \u00a76 MDStV: Gudrun Klebeck info@gudrunklebeck.de \u00a9 for the works: Gudrun Klebeck \u00a9 VG Bildkunst for Gudrun Klebeck \u00a9 for the texts by the named authors \u00a9 for the photographs: Wim Cox, Carl Victor Dahmen, Anne Gold, Andreas Mesli \u00a9 Translation: Jennifer Abramsohn \u00a9 Webdesign by www.raykai.de Haftungsausschluss 1. Haftung f\u00fcr &hellip; <a href=\"https:\/\/gudrunklebeck.de\/gb\/impressum\/\" class=\"more-link\">Continue reading <span class=\"screen-reader-text\">Imprint<\/span><\/a><\/p>\n","protected":false},"author":2,"featured_media":0,"parent":0,"menu_order":0,"comment_status":"closed","ping_status":"closed","template":"","meta":{"ngg_post_thumbnail":0,"footnotes":""},"class_list":["post-21","page","type-page","status-publish","hentry"],"translation":{"provider":"WPGlobus","version":"3.0.2","language":"gb","enabled_languages":["de","gb"],"languages":{"de":{"title":true,"content":true,"excerpt":false},"gb":{"title":true,"content":true,"excerpt":false}}},"_links":{"self":[{"href":"https:\/\/gudrunklebeck.de\/gb\/wp-json\/wp\/v2\/pages\/21","targetHints":{"allow":["GET"]}}],"collection":[{"href":"https:\/\/gudrunklebeck.de\/gb\/wp-json\/wp\/v2\/pages"}],"about":[{"href":"https:\/\/gudrunklebeck.de\/gb\/wp-json\/wp\/v2\/types\/page"}],"author":[{"embeddable":true,"href":"https:\/\/gudrunklebeck.de\/gb\/wp-json\/wp\/v2\/users\/2"}],"replies":[{"embeddable":true,"href":"https:\/\/gudrunklebeck.de\/gb\/wp-json\/wp\/v2\/comments?post=21"}],"version-history":[{"count":21,"href":"https:\/\/gudrunklebeck.de\/gb\/wp-json\/wp\/v2\/pages\/21\/revisions"}],"predecessor-version":[{"id":1284,"href":"https:\/\/gudrunklebeck.de\/gb\/wp-json\/wp\/v2\/pages\/21\/revisions\/1284"}],"wp:attachment":[{"href":"https:\/\/gudrunklebeck.de\/gb\/wp-json\/wp\/v2\/media?parent=21"}],"curies":[{"name":"wp","href":"https:\/\/api.w.org\/{rel}","templated":true}]}}